{"id":573,"date":"2021-10-07T09:15:21","date_gmt":"2021-10-07T09:15:21","guid":{"rendered":"https:\/\/www.exteriorbamboo.com\/?page_id=573"},"modified":"2021-10-07T13:03:44","modified_gmt":"2021-10-07T13:03:44","slug":"products","status":"publish","type":"page","link":"https:\/\/www.exteriorbamboo.com\/es\/products\/","title":{"rendered":"Productos"},"content":{"rendered":"<div id=\"tudou-product-list-container\">\r\n                \r\n            \t    <article id=\"product-655\" class=\"tudou-product-list-item\" >\r\n    \t            \t        <a href=\"https:\/\/www.exteriorbamboo.com\/es\/product\/3-ply-bamboo-furniture-sheets\/\">\r\n    \t            <img decoding=\"async\" src=\"https:\/\/www.exteriorbamboo.com\/wp-content\/uploads\/2022\/01\/3-ply-outdoor-bamboo-furniture-sheets-2-450x450.jpg\" alt=\"\" \/>\r\n    \t        <\/a>\r\n    \t        <a class=\"product-title\" href=\"https:\/\/www.exteriorbamboo.com\/es\/product\/3-ply-bamboo-furniture-sheets\/\"><h3>Hojas de muebles de bamb\u00fa de 3 capas<\/h3><\/a>\r\n    \t    <\/article>\r\n            \t    <article id=\"product-650\" class=\"tudou-product-list-item\" >\r\n    \t            \t        <a href=\"https:\/\/www.exteriorbamboo.com\/es\/product\/19mm-bamboo-furniture-boards\/\">\r\n    \t            <img decoding=\"async\" src=\"https:\/\/www.exteriorbamboo.com\/wp-content\/uploads\/2022\/01\/19mm-bamboo-furniture-boards-2-450x450.jpg\" alt=\"\" \/>\r\n    \t        <\/a>\r\n    \t        <a class=\"product-title\" href=\"https:\/\/www.exteriorbamboo.com\/es\/product\/19mm-bamboo-furniture-boards\/\"><h3>Tableros de bamb\u00fa macizo de 19 mm.<\/h3><\/a>\r\n    \t    <\/article>\r\n            \t    <article id=\"product-646\" class=\"tudou-product-list-item\" >\r\n    \t            \t        <a href=\"https:\/\/www.exteriorbamboo.com\/es\/product\/engineered-bamboo-plywood-for-worktops\/\">\r\n    \t            <img decoding=\"async\" src=\"https:\/\/www.exteriorbamboo.com\/wp-content\/uploads\/2022\/01\/5-layers-solid-bamboo-exterior-furniture-boards-2-450x450.jpg\" alt=\"\" \/>\r\n    \t        <\/a>\r\n    \t        <a class=\"product-title\" href=\"https:\/\/www.exteriorbamboo.com\/es\/product\/engineered-bamboo-plywood-for-worktops\/\"><h3>Contrachapado de bamb\u00fa dise\u00f1ado para encimeras<\/h3><\/a>\r\n    \t    <\/article>\r\n            \t    <article id=\"product-642\" class=\"tudou-product-list-item\" >\r\n    \t            \t        <a href=\"https:\/\/www.exteriorbamboo.com\/es\/product\/solid-bamboo-furniture-boards\/\">\r\n    \t            <img decoding=\"async\" src=\"https:\/\/www.exteriorbamboo.com\/wp-content\/uploads\/2022\/01\/Solid-bamboo-furniture-boards-1-450x450.jpg\" alt=\"Tableros-de-muebles-de-bamb\u00fa-macizo\" \/>\r\n    \t        <\/a>\r\n    \t        <a class=\"product-title\" href=\"https:\/\/www.exteriorbamboo.com\/es\/product\/solid-bamboo-furniture-boards\/\"><h3>Tableros de muebles de bamb\u00fa macizo<\/h3><\/a>\r\n    \t    <\/article>\r\n            \t    <article id=\"product-638\" class=\"tudou-product-list-item\" >\r\n    \t            \t        <a href=\"https:\/\/www.exteriorbamboo.com\/es\/product\/custom-bamboo-dowels-for-building-projects\/\">\r\n    \t            <img decoding=\"async\" src=\"https:\/\/www.exteriorbamboo.com\/wp-content\/uploads\/2022\/01\/custom-bamboo-dowels-for-building-projects-450x450.jpg\" alt=\"tacos-de-bamb\u00fa-personalizados-para-proyectos-de-construcci\u00f3n\" \/>\r\n    \t        <\/a>\r\n    \t        <a class=\"product-title\" href=\"https:\/\/www.exteriorbamboo.com\/es\/product\/custom-bamboo-dowels-for-building-projects\/\"><h3>Tacos de bamb\u00fa personalizados para proyectos de construcci\u00f3n<\/h3><\/a>\r\n    \t    <\/article>\r\n            \t    <article id=\"product-635\" class=\"tudou-product-list-item\" >\r\n    \t            \t        <a href=\"https:\/\/www.exteriorbamboo.com\/es\/product\/bamboo-tubes\/\">\r\n    \t            <img decoding=\"async\" src=\"https:\/\/www.exteriorbamboo.com\/wp-content\/uploads\/2022\/01\/exterior-bamboo-hollow-dowels-450x450.jpg\" alt=\"tacos-huecos-de-bamb\u00fa-exterior\" \/>\r\n    \t        <\/a>\r\n    \t        <a class=\"product-title\" href=\"https:\/\/www.exteriorbamboo.com\/es\/product\/bamboo-tubes\/\"><h3>Tubos de bamb\u00fa<\/h3><\/a>\r\n    \t    <\/article>\r\n            \t    <article id=\"product-631\" class=\"tudou-product-list-item\" >\r\n    \t            \t        <a href=\"https:\/\/www.exteriorbamboo.com\/es\/product\/bamboo-designed-tubes-for-interior-decor\/\">\r\n    \t            <img decoding=\"async\" src=\"https:\/\/www.exteriorbamboo.com\/wp-content\/uploads\/2022\/01\/bamboo-shape-hollow-dowels-1-450x450.jpg\" alt=\"tacos-huecos-en-forma-de-bamb\u00fa-1.\" \/>\r\n    \t        <\/a>\r\n    \t        <a class=\"product-title\" href=\"https:\/\/www.exteriorbamboo.com\/es\/product\/bamboo-designed-tubes-for-interior-decor\/\"><h3>Tubos dise\u00f1ados con bamb\u00fa para decoraci\u00f3n de interiores<\/h3><\/a>\r\n    \t    <\/article>\r\n            \t    <article id=\"product-628\" class=\"tudou-product-list-item\" >\r\n    \t            \t        <a href=\"https:\/\/www.exteriorbamboo.com\/es\/product\/structural-bamboo-tubes\/\">\r\n    \t            <img decoding=\"async\" src=\"https:\/\/www.exteriorbamboo.com\/wp-content\/uploads\/2022\/01\/designed-structural-bamboo-hollow-dowel-rods-450x450.jpg\" alt=\"varillas-huecas-de-bamb\u00fa-estructurales-dise\u00f1adas\" \/>\r\n    \t        <\/a>\r\n    \t        <a class=\"product-title\" href=\"https:\/\/www.exteriorbamboo.com\/es\/product\/structural-bamboo-tubes\/\"><h3>Tubos estructurales de bamb\u00fa<\/h3><\/a>\r\n    \t    <\/article>\r\n            \t<\/div>\r\n\r\n    \t<div class=\"pagination\">\r\n    \t<span aria-current=\"page\" class=\"page-numbers current\">1<\/span>\n<a class=\"page-numbers\" href=\"https:\/\/www.exteriorbamboo.com\/es\/wp-json\/wp\/v2\/pages\/573\/page\/2\/\">2<\/a>\n<a class=\"page-numbers\" href=\"https:\/\/www.exteriorbamboo.com\/es\/wp-json\/wp\/v2\/pages\/573\/page\/3\/\">3<\/a>\n<span class=\"page-numbers dots\">\u2026<\/span>\n<a class=\"page-numbers\" href=\"https:\/\/www.exteriorbamboo.com\/es\/wp-json\/wp\/v2\/pages\/573\/page\/7\/\">7<\/a>\n<a class=\"next page-numbers\" href=\"https:\/\/www.exteriorbamboo.com\/es\/wp-json\/wp\/v2\/pages\/573\/page\/2\/\">Siguiente \u00bb<\/a>        <\/div>","protected":false},"excerpt":{"rendered":"","protected":false},"author":1,"featured_media":0,"parent":0,"menu_order":0,"comment_status":"closed","ping_status":"closed","template":"","meta":{"_acf_changed":false,"footnotes":""},"class_list":["post-573","page","type-page","status-publish","hentry"],"acf":[],"_links":{"self":[{"href":"https:\/\/www.exteriorbamboo.com\/es\/wp-json\/wp\/v2\/pages\/573","targetHints":{"allow":["GET"]}}],"collection":[{"href":"https:\/\/www.exteriorbamboo.com\/es\/wp-json\/wp\/v2\/pages"}],"about":[{"href":"https:\/\/www.exteriorbamboo.com\/es\/wp-json\/wp\/v2\/types\/page"}],"author":[{"embeddable":true,"href":"https:\/\/www.exteriorbamboo.com\/es\/wp-json\/wp\/v2\/users\/1"}],"replies":[{"embeddable":true,"href":"https:\/\/www.exteriorbamboo.com\/es\/wp-json\/wp\/v2\/comments?post=573"}],"version-history":[{"count":2,"href":"https:\/\/www.exteriorbamboo.com\/es\/wp-json\/wp\/v2\/pages\/573\/revisions"}],"predecessor-version":[{"id":593,"href":"https:\/\/www.exteriorbamboo.com\/es\/wp-json\/wp\/v2\/pages\/573\/revisions\/593"}],"wp:attachment":[{"href":"https:\/\/www.exteriorbamboo.com\/es\/wp-json\/wp\/v2\/media?parent=573"}],"curies":[{"name":"gracias","href":"https:\/\/api.w.org\/{rel}","templated":true}]}}