{"id":573,"date":"2021-10-07T09:15:21","date_gmt":"2021-10-07T09:15:21","guid":{"rendered":"https:\/\/www.exteriorbamboo.com\/?page_id=573"},"modified":"2021-10-07T13:03:44","modified_gmt":"2021-10-07T13:03:44","slug":"products","status":"publish","type":"page","link":"https:\/\/www.exteriorbamboo.com\/tr\/products\/","title":{"rendered":"\u00dcr\u00fcn:% s"},"content":{"rendered":"<div id=\"tudou-product-list-container\">\r\n                \r\n            \t    <article id=\"product-655\" class=\"tudou-product-list-item\" >\r\n    \t            \t        <a href=\"https:\/\/www.exteriorbamboo.com\/tr\/product\/3-ply-bamboo-furniture-sheets\/\">\r\n    \t            <img decoding=\"async\" src=\"https:\/\/www.exteriorbamboo.com\/wp-content\/uploads\/2022\/01\/3-ply-outdoor-bamboo-furniture-sheets-2-450x450.jpg\" alt=\"\" \/>\r\n    \t        <\/a>\r\n    \t        <a class=\"product-title\" href=\"https:\/\/www.exteriorbamboo.com\/tr\/product\/3-ply-bamboo-furniture-sheets\/\"><h3>3 katl\u0131 Bambu Mobilya Levhalar\u0131<\/h3><\/a>\r\n    \t    <\/article>\r\n            \t    <article id=\"product-650\" class=\"tudou-product-list-item\" >\r\n    \t            \t        <a href=\"https:\/\/www.exteriorbamboo.com\/tr\/product\/19mm-bamboo-furniture-boards\/\">\r\n    \t            <img decoding=\"async\" src=\"https:\/\/www.exteriorbamboo.com\/wp-content\/uploads\/2022\/01\/19mm-bamboo-furniture-boards-2-450x450.jpg\" alt=\"\" \/>\r\n    \t        <\/a>\r\n    \t        <a class=\"product-title\" href=\"https:\/\/www.exteriorbamboo.com\/tr\/product\/19mm-bamboo-furniture-boards\/\"><h3>19mm Kat\u0131 Bambu Levhalar<\/h3><\/a>\r\n    \t    <\/article>\r\n            \t    <article id=\"product-646\" class=\"tudou-product-list-item\" >\r\n    \t            \t        <a href=\"https:\/\/www.exteriorbamboo.com\/tr\/product\/engineered-bamboo-plywood-for-worktops\/\">\r\n    \t            <img decoding=\"async\" src=\"https:\/\/www.exteriorbamboo.com\/wp-content\/uploads\/2022\/01\/5-layers-solid-bamboo-exterior-furniture-boards-2-450x450.jpg\" alt=\"\" \/>\r\n    \t        <\/a>\r\n    \t        <a class=\"product-title\" href=\"https:\/\/www.exteriorbamboo.com\/tr\/product\/engineered-bamboo-plywood-for-worktops\/\"><h3>Tezgahlar \u0130\u00e7in Tasarlanm\u0131\u015f Bambu Kontrplak<\/h3><\/a>\r\n    \t    <\/article>\r\n            \t    <article id=\"product-642\" class=\"tudou-product-list-item\" >\r\n    \t            \t        <a href=\"https:\/\/www.exteriorbamboo.com\/tr\/product\/solid-bamboo-furniture-boards\/\">\r\n    \t            <img decoding=\"async\" src=\"https:\/\/www.exteriorbamboo.com\/wp-content\/uploads\/2022\/01\/Solid-bamboo-furniture-boards-1-450x450.jpg\" alt=\"Masif bambu mobilya panolar\u0131\" \/>\r\n    \t        <\/a>\r\n    \t        <a class=\"product-title\" href=\"https:\/\/www.exteriorbamboo.com\/tr\/product\/solid-bamboo-furniture-boards\/\"><h3>Kat\u0131 Bambu Mobilya Panolar\u0131<\/h3><\/a>\r\n    \t    <\/article>\r\n            \t    <article id=\"product-638\" class=\"tudou-product-list-item\" >\r\n    \t            \t        <a href=\"https:\/\/www.exteriorbamboo.com\/tr\/product\/custom-bamboo-dowels-for-building-projects\/\">\r\n    \t            <img decoding=\"async\" src=\"https:\/\/www.exteriorbamboo.com\/wp-content\/uploads\/2022\/01\/custom-bamboo-dowels-for-building-projects-450x450.jpg\" alt=\"bina-projeleri i\u00e7in-\u00f6zel-bambu-d\u00fcbeller\" \/>\r\n    \t        <\/a>\r\n    \t        <a class=\"product-title\" href=\"https:\/\/www.exteriorbamboo.com\/tr\/product\/custom-bamboo-dowels-for-building-projects\/\"><h3>Bina Projeleri \u0130\u00e7in \u00d6zel Bambu D\u00fcbeller<\/h3><\/a>\r\n    \t    <\/article>\r\n            \t    <article id=\"product-635\" class=\"tudou-product-list-item\" >\r\n    \t            \t        <a href=\"https:\/\/www.exteriorbamboo.com\/tr\/product\/bamboo-tubes\/\">\r\n    \t            <img decoding=\"async\" src=\"https:\/\/www.exteriorbamboo.com\/wp-content\/uploads\/2022\/01\/exterior-bamboo-hollow-dowels-450x450.jpg\" alt=\"d\u0131\u015f-bambu-i\u00e7i bo\u015f-d\u00fcbeller\" \/>\r\n    \t        <\/a>\r\n    \t        <a class=\"product-title\" href=\"https:\/\/www.exteriorbamboo.com\/tr\/product\/bamboo-tubes\/\"><h3>Bambu Borular<\/h3><\/a>\r\n    \t    <\/article>\r\n            \t    <article id=\"product-631\" class=\"tudou-product-list-item\" >\r\n    \t            \t        <a href=\"https:\/\/www.exteriorbamboo.com\/tr\/product\/bamboo-designed-tubes-for-interior-decor\/\">\r\n    \t            <img decoding=\"async\" src=\"https:\/\/www.exteriorbamboo.com\/wp-content\/uploads\/2022\/01\/bamboo-shape-hollow-dowels-1-450x450.jpg\" alt=\"Bambu \u015feklindeki i\u00e7i bo\u015f d\u00fcbeller-1.\" \/>\r\n    \t        <\/a>\r\n    \t        <a class=\"product-title\" href=\"https:\/\/www.exteriorbamboo.com\/tr\/product\/bamboo-designed-tubes-for-interior-decor\/\"><h3>\u0130\u00e7 Dekor \u0130\u00e7in Bambu Tasar\u0131ml\u0131 T\u00fcpler<\/h3><\/a>\r\n    \t    <\/article>\r\n            \t    <article id=\"product-628\" class=\"tudou-product-list-item\" >\r\n    \t            \t        <a href=\"https:\/\/www.exteriorbamboo.com\/tr\/product\/structural-bamboo-tubes\/\">\r\n    \t            <img decoding=\"async\" src=\"https:\/\/www.exteriorbamboo.com\/wp-content\/uploads\/2022\/01\/designed-structural-bamboo-hollow-dowel-rods-450x450.jpg\" alt=\"tasarlanm\u0131\u015f-yap\u0131sal-bambu-i\u00e7i bo\u015f-d\u00fcbel-\u00e7ubuklar\" \/>\r\n    \t        <\/a>\r\n    \t        <a class=\"product-title\" href=\"https:\/\/www.exteriorbamboo.com\/tr\/product\/structural-bamboo-tubes\/\"><h3>Yap\u0131sal Bambu T\u00fcpler<\/h3><\/a>\r\n    \t    <\/article>\r\n            \t<\/div>\r\n\r\n    \t<div class=\"pagination\">\r\n    \t<span aria-current=\"page\" class=\"page-numbers current\">1<\/span>\n<a class=\"page-numbers\" href=\"https:\/\/www.exteriorbamboo.com\/tr\/wp-json\/wp\/v2\/pages\/573\/page\/2\/\">2<\/a>\n<a class=\"page-numbers\" href=\"https:\/\/www.exteriorbamboo.com\/tr\/wp-json\/wp\/v2\/pages\/573\/page\/3\/\">3<\/a>\n<span class=\"page-numbers dots\">\u2026<\/span>\n<a class=\"page-numbers\" href=\"https:\/\/www.exteriorbamboo.com\/tr\/wp-json\/wp\/v2\/pages\/573\/page\/7\/\">7<\/a>\n<a class=\"next page-numbers\" href=\"https:\/\/www.exteriorbamboo.com\/tr\/wp-json\/wp\/v2\/pages\/573\/page\/2\/\">Sonraki \u00bb<\/a>        <\/div>","protected":false},"excerpt":{"rendered":"","protected":false},"author":1,"featured_media":0,"parent":0,"menu_order":0,"comment_status":"closed","ping_status":"closed","template":"","meta":{"_acf_changed":false,"footnotes":""},"class_list":["post-573","page","type-page","status-publish","hentry"],"acf":[],"_links":{"self":[{"href":"https:\/\/www.exteriorbamboo.com\/tr\/wp-json\/wp\/v2\/pages\/573","targetHints":{"allow":["GET"]}}],"collection":[{"href":"https:\/\/www.exteriorbamboo.com\/tr\/wp-json\/wp\/v2\/pages"}],"about":[{"href":"https:\/\/www.exteriorbamboo.com\/tr\/wp-json\/wp\/v2\/types\/page"}],"author":[{"embeddable":true,"href":"https:\/\/www.exteriorbamboo.com\/tr\/wp-json\/wp\/v2\/users\/1"}],"replies":[{"embeddable":true,"href":"https:\/\/www.exteriorbamboo.com\/tr\/wp-json\/wp\/v2\/comments?post=573"}],"version-history":[{"count":2,"href":"https:\/\/www.exteriorbamboo.com\/tr\/wp-json\/wp\/v2\/pages\/573\/revisions"}],"predecessor-version":[{"id":593,"href":"https:\/\/www.exteriorbamboo.com\/tr\/wp-json\/wp\/v2\/pages\/573\/revisions\/593"}],"wp:attachment":[{"href":"https:\/\/www.exteriorbamboo.com\/tr\/wp-json\/wp\/v2\/media?parent=573"}],"curies":[{"name":"wp","href":"https:\/\/api.w.org\/{rel}","templated":true}]}}